{"id":897,"date":"2024-10-30T09:26:19","date_gmt":"2024-10-30T09:26:19","guid":{"rendered":"https:\/\/gfohlerhof.com\/impressum\/"},"modified":"2025-12-27T00:05:20","modified_gmt":"2025-12-27T00:05:20","slug":"impressum","status":"publish","type":"page","link":"https:\/\/www.gfohlerhof.com\/en\/impressum\/","title":{"rendered":"Impressum"},"content":{"rendered":"\t\t<div data-elementor-type=\"wp-page\" data-elementor-id=\"897\" class=\"elementor elementor-897 elementor-411\" data-elementor-post-type=\"page\">\n\t\t\t\t<div class=\"elementor-element elementor-element-8562f93 e-con-full container-w small-entrance e-flex e-con e-parent\" data-id=\"8562f93\" data-element_type=\"container\">\n\t\t\t\t<div class=\"elementor-element elementor-element-80267b8 elementor-pagination-position-inside elementor-widget__width-inherit entrance-carousell elementor-widget elementor-widget-image-carousel\" data-id=\"80267b8\" data-element_type=\"widget\" data-settings=\"{&quot;slides_to_show&quot;:&quot;1&quot;,&quot;navigation&quot;:&quot;dots&quot;,&quot;autoplay&quot;:&quot;yes&quot;,&quot;pause_on_hover&quot;:&quot;yes&quot;,&quot;pause_on_interaction&quot;:&quot;yes&quot;,&quot;autoplay_speed&quot;:5000,&quot;infinite&quot;:&quot;yes&quot;,&quot;effect&quot;:&quot;slide&quot;,&quot;speed&quot;:500}\" data-widget_type=\"image-carousel.default\">\n\t\t\t\t<div class=\"elementor-widget-container\">\n\t\t\t\t\t\t\t<div class=\"elementor-image-carousel-wrapper swiper\" role=\"region\" aria-roledescription=\"carousel\" aria-label=\"Bild Karussell\" dir=\"ltr\">\n\t\t\t<div class=\"elementor-image-carousel swiper-wrapper swiper-image-stretch\" aria-live=\"off\">\n\t\t\t\t\t\t\t\t<div class=\"swiper-slide\" role=\"group\" aria-roledescription=\"slide\" aria-label=\"1 of 2\"><figure class=\"swiper-slide-inner\"><img decoding=\"async\" class=\"swiper-slide-image\" src=\"https:\/\/www.gfohlerhof.com\/wp-content\/uploads\/2024\/10\/Bildschirmfoto-2024-10-02-um-10.30.03.png\" alt=\"Bildschirmfoto 2024-10-02 um 10.30.03\" \/><\/figure><\/div><div class=\"swiper-slide\" role=\"group\" aria-roledescription=\"slide\" aria-label=\"2 of 2\"><figure class=\"swiper-slide-inner\"><img decoding=\"async\" class=\"swiper-slide-image\" src=\"https:\/\/www.gfohlerhof.com\/wp-content\/uploads\/2024\/10\/IMG_9180-scaled.jpg\" alt=\"IMG_9180\" \/><\/figure><\/div>\t\t\t<\/div>\n\t\t\t\t\t\t\t\n\t\t\t\t\t\t\t\t\t<div class=\"swiper-pagination\"><\/div>\n\t\t\t\t\t\t\t\t\t<\/div>\n\t\t\t\t\t\t<\/div>\n\t\t\t\t<\/div>\n\t\t\t\t<\/div>\n\t\t<div class=\"elementor-element elementor-element-f03f927 e-con-full p-b-l m-w-60 e-flex e-con e-parent\" data-id=\"f03f927\" data-element_type=\"container\" data-settings=\"{&quot;background_background&quot;:&quot;classic&quot;}\">\n\t\t\t\t<div class=\"elementor-element elementor-element-5df29e9 elementor-widget elementor-widget-menu-anchor\" data-id=\"5df29e9\" data-element_type=\"widget\" data-widget_type=\"menu-anchor.default\">\n\t\t\t\t<div class=\"elementor-widget-container\">\n\t\t\t\t\t\t\t<div class=\"elementor-menu-anchor\" id=\"unser-hof\"><\/div>\n\t\t\t\t\t\t<\/div>\n\t\t\t\t<\/div>\n\t\t\t\t<div class=\"elementor-element elementor-element-4358279 elementor-widget elementor-widget-heading\" data-id=\"4358279\" data-element_type=\"widget\" data-widget_type=\"heading.default\">\n\t\t\t\t<div class=\"elementor-widget-container\">\n\t\t\t\t\t<h1 class=\"elementor-heading-title elementor-size-default\">Impressum<\/h1>\t\t\t\t<\/div>\n\t\t\t\t<\/div>\n\t\t\t\t<div class=\"elementor-element elementor-element-4640a24 elementor-widget elementor-widget-text-editor\" data-id=\"4640a24\" data-element_type=\"widget\" data-widget_type=\"text-editor.default\">\n\t\t\t\t<div class=\"elementor-widget-container\">\n\t\t\t\t\t\t\t\t\t<div class=\"imprpriv site-expl\"><p>Gfohler, Untergasse 17<br \/>Brixen, Italy<br \/><a href=\"tel:+393280587308\">+39 328 058 7308<\/a><br \/><a href=\"mailto:info@gfohlerhof.com\">info@gfohlerhof.com<\/a><\/p><p>Empf\u00e4ngercodex: 7035UR5<br \/><a href=\"https:\/\/gfohlerhof.com\">www.gfohlerhof.com<\/a><br \/>MwSt. Nr. 03137550210<br \/>St. Nr. BRRJNS88T01B160R<\/p><p>Handelskammer Bozen<br \/>Eintragungsnummer im <br \/>REA Nummer: 235231<\/p><p>CIN: IT021059A1OMCPQGBQ<\/p><p>Gesetzlicher Vertreter: Jonas Oberrauch<\/p><p><strong>Quellenangaben f\u00fcr die verwendeten Bilder und Grafiken<\/strong><\/p><ul><li>IDM S\u00fcdtirol-Alto Adige\/Andreas Mierswa<\/li><li>IDM S\u00fcdtirol-Alto Adige\/Alex Filz<\/li><li>IDM S\u00fcdtirol-Alto Adige\/Manuel Ferrigato<\/li><li>https:\/\/pixabay.com\/photos\/web-playground-game-device-539757\/<\/li><li>https:\/\/pixabay.com\/photos\/swing-game-playground-to-play-339255\/<\/li><li>https:\/\/pixabay.com\/photos\/pig-alp-rona-furna-sow-happy-pig-214349\/<\/li><li>https:\/\/pixabay.com\/photos\/piglet-animal-farm-pig-mammal-3741877\/<\/li><li>https:\/\/pixabay.com\/photos\/pigs-domestic-animals-fauna-pork-387204\/<\/li><li>https:\/\/pixabay.com\/photos\/pigs-domestic-animals-fauna-pork-387204\/<\/li><\/ul><\/div><div class=\"imprpriv site-gl\"><p><strong><br \/>Streitbeilegung<br \/><\/strong>Pflichtinformation nach EU-Verordnung Nr. 524\/2013 des Europ\u00e4ischen Parlaments und Rats Plattform zur Online-Beilegung verbraucherrechtlicher Streitigkeiten (ODR) der Europ\u00e4ischen Kommission: <a href=\"http:\/\/ec.europa.eu\/consumers\/odr\/\" target=\"_blank\" rel=\"noopener\">http:\/\/ec.europa.eu\/consumers\/odr\/<\/a><\/p><p><strong>Verantwortlich f\u00fcr Konzeption &amp; Gestaltung \/ Umsetzung<\/strong><br \/>muwit der sandra stablum<br \/>Oberstadt 60<br \/>39043 Klausen (BZ)<br \/>Tel. <a href=\"tel:+39 347 1330206\">+39 347 1330206<\/a><br \/>MwSt. Nr. IT02730810211<br \/>St. Nr. STB SDR 88 A44 B160 S<br \/><a href=\"mailto:info@muwit.it\">info@muwit.it<\/a><br \/><a href=\"www.muwit.it\" target=\"_blank\" rel=\"noopener\">www.muwit.it<\/a><\/p><p><strong>Verantwortlich f\u00fcr den Inhalt:<br \/><\/strong><\/p><p><strong>Haftungsausschluss:<\/strong><br \/>Haftung f\u00fcr Inhalte<\/p><p>Die Inhalte unserer Seiten wurden mit gr\u00f6\u00dfter Sorgfalt erstellt, bearbeitet und \u00fcberpr\u00fcft. F\u00fcr die Richtigkeit, Qualit\u00e4t, Vollst\u00e4ndigkeit und Aktualit\u00e4t der Inhalte k\u00f6nnen wir jedoch keine Gew\u00e4hr \u00fcbernehmen, auch da m\u00f6glicherweise in der Zwischenzeit \u00c4nderungen eingetreten sein k\u00f6nnten. Haftungsanspr\u00fcche jeglicher Natur, welche durch die Nutzung der bereitgestellten Informationen oder durch fehlende und\/oder unvollst\u00e4ndige Informationen verursacht wurden, sind grunds\u00e4tzlich ausgeschlossen.<\/p><p><strong>Haftung f\u00fcr Links<\/strong><\/p><p>Unser Angebot enth\u00e4lt Links zu externen Webseiten Dritter, auf deren Inhalte wir keinen Einfluss nehmen k\u00f6nnen. Aus diesem Grund k\u00f6nnen wir in Bezug auf die Inhalte der verlinkten Webseiten auch keine Gew\u00e4hr, welcher Natur auch immer, \u00fcbernehmen. F\u00fcr die Inhalte der verlinkten Seiten ist ausschlie\u00dflich der jeweilige Anbieter oder Betreiber dieser Seiten verantwortlich.<\/p><p><strong>Urheberrecht<\/strong><\/p><p>S\u00e4mtliche durch die Firma MUWit d. Sandra Stablum und die Seitenbetreiber erstellten Inhalte und Werke auf dieser Webseite sind urheberrechtlich gesch\u00fctzt. Die Vervielf\u00e4ltigung, Bearbeitung, Verbreitung und jegliche Art der Verwertung, insbesondere kommerzieller Natur, au\u00dferhalb der Grenzen des Urheberrechtes sind strikt untersagt und bed\u00fcrfen jedenfalls der vorherigen schriftlichen Zustimmung des jeweiligen Autors bzw. Erstellers. Soweit die Inhalte auf dieser Seite nicht vom Betreiber erstellt wurden, werden die Urheberrechte Dritter beachtet. Insbesondere werden Inhalte Dritter als solche gekennzeichnet. Sollten Sie trotzdem auf eine Urheberrechtsverletzung aufmerksam werden, bitten wir um einen entsprechenden Hinweis. Bei Bekanntwerden von Rechtsverletzungen solcher Natur werden wir derartige Inhalte nat\u00fcrlich umgehend entfernen, \u00fcbernehmen diesbez\u00fcglich jedoch keinerlei Haftung.<\/p><\/div>\t\t\t\t\t\t\t\t<\/div>\n\t\t\t\t<\/div>\n\t\t\t\t<\/div>\n\t\t\t\t<\/div>\n\t\t","protected":false},"excerpt":{"rendered":"<p>Impressum Gfohler, Untergasse 17Brixen, Italy+39 328 058 7308info@gfohlerhof.com Empf\u00e4ngercodex: 7035UR5www.gfohlerhof.comMwSt. Nr. 03137550210St. Nr. BRRJNS88T01B160R Handelskammer BozenEintragungsnummer im REA Nummer: 235231 CIN: IT021059A1OMCPQGBQ Gesetzlicher Vertreter: Jonas Oberrauch Quellenangaben f\u00fcr die verwendeten Bilder und Grafiken IDM S\u00fcdtirol-Alto Adige\/Andreas Mierswa IDM S\u00fcdtirol-Alto Adige\/Alex Filz IDM S\u00fcdtirol-Alto Adige\/Manuel Ferrigato https:\/\/pixabay.com\/photos\/web-playground-game-device-539757\/ https:\/\/pixabay.com\/photos\/swing-game-playground-to-play-339255\/ https:\/\/pixabay.com\/photos\/pig-alp-rona-furna-sow-happy-pig-214349\/ https:\/\/pixabay.com\/photos\/piglet-animal-farm-pig-mammal-3741877\/ https:\/\/pixabay.com\/photos\/pigs-domestic-animals-fauna-pork-387204\/ https:\/\/pixabay.com\/photos\/pigs-domestic-animals-fauna-pork-387204\/ StreitbeilegungPflichtinformation nach EU-Verordnung Nr. [&hellip;]<\/p>\n","protected":false},"author":1,"featured_media":0,"parent":0,"menu_order":0,"comment_status":"closed","ping_status":"closed","template":"","meta":{"footnotes":""},"class_list":["post-897","page","type-page","status-publish","hentry"],"aioseo_notices":[],"_links":{"self":[{"href":"https:\/\/www.gfohlerhof.com\/en\/wp-json\/wp\/v2\/pages\/897","targetHints":{"allow":["GET"]}}],"collection":[{"href":"https:\/\/www.gfohlerhof.com\/en\/wp-json\/wp\/v2\/pages"}],"about":[{"href":"https:\/\/www.gfohlerhof.com\/en\/wp-json\/wp\/v2\/types\/page"}],"author":[{"embeddable":true,"href":"https:\/\/www.gfohlerhof.com\/en\/wp-json\/wp\/v2\/users\/1"}],"replies":[{"embeddable":true,"href":"https:\/\/www.gfohlerhof.com\/en\/wp-json\/wp\/v2\/comments?post=897"}],"version-history":[{"count":24,"href":"https:\/\/www.gfohlerhof.com\/en\/wp-json\/wp\/v2\/pages\/897\/revisions"}],"predecessor-version":[{"id":2321,"href":"https:\/\/www.gfohlerhof.com\/en\/wp-json\/wp\/v2\/pages\/897\/revisions\/2321"}],"wp:attachment":[{"href":"https:\/\/www.gfohlerhof.com\/en\/wp-json\/wp\/v2\/media?parent=897"}],"curies":[{"name":"wp","href":"https:\/\/api.w.org\/{rel}","templated":true}]}}