{"id":896,"date":"2024-10-30T09:46:55","date_gmt":"2024-10-30T09:46:55","guid":{"rendered":"https:\/\/gfohlerhof.com\/datenschutz\/"},"modified":"2025-12-02T18:07:24","modified_gmt":"2025-12-02T18:07:24","slug":"datenschutz","status":"publish","type":"page","link":"https:\/\/www.gfohlerhof.com\/it\/datenschutz\/","title":{"rendered":"Datenschutz"},"content":{"rendered":"\t\t<div data-elementor-type=\"wp-page\" data-elementor-id=\"896\" class=\"elementor elementor-896 elementor-426\" data-elementor-post-type=\"page\">\n\t\t\t\t<div class=\"elementor-element elementor-element-8562f93 e-con-full container-w small-entrance e-flex e-con e-parent\" data-id=\"8562f93\" data-element_type=\"container\">\n\t\t\t\t<div class=\"elementor-element elementor-element-80267b8 elementor-pagination-position-inside elementor-widget__width-inherit entrance-carousell elementor-widget elementor-widget-image-carousel\" data-id=\"80267b8\" data-element_type=\"widget\" data-settings=\"{&quot;slides_to_show&quot;:&quot;1&quot;,&quot;navigation&quot;:&quot;dots&quot;,&quot;autoplay&quot;:&quot;yes&quot;,&quot;pause_on_hover&quot;:&quot;yes&quot;,&quot;pause_on_interaction&quot;:&quot;yes&quot;,&quot;autoplay_speed&quot;:5000,&quot;infinite&quot;:&quot;yes&quot;,&quot;effect&quot;:&quot;slide&quot;,&quot;speed&quot;:500}\" data-widget_type=\"image-carousel.default\">\n\t\t\t\t<div class=\"elementor-widget-container\">\n\t\t\t\t\t\t\t<div class=\"elementor-image-carousel-wrapper swiper\" role=\"region\" aria-roledescription=\"carousel\" aria-label=\"Bild Karussell\" dir=\"ltr\">\n\t\t\t<div class=\"elementor-image-carousel swiper-wrapper swiper-image-stretch\" aria-live=\"off\">\n\t\t\t\t\t\t\t\t<div class=\"swiper-slide\" role=\"group\" aria-roledescription=\"slide\" aria-label=\"1 di 2\"><figure class=\"swiper-slide-inner\"><img decoding=\"async\" class=\"swiper-slide-image\" src=\"https:\/\/www.gfohlerhof.com\/wp-content\/uploads\/2024\/10\/Bildschirmfoto-2024-10-02-um-10.30.03.png\" alt=\"Bildschirmfoto 2024-10-02 um 10.30.03\" \/><\/figure><\/div><div class=\"swiper-slide\" role=\"group\" aria-roledescription=\"slide\" aria-label=\"2 di 2\"><figure class=\"swiper-slide-inner\"><img decoding=\"async\" class=\"swiper-slide-image\" src=\"https:\/\/www.gfohlerhof.com\/wp-content\/uploads\/2024\/10\/IMG_9180-scaled.jpg\" alt=\"IMG_9180\" \/><\/figure><\/div>\t\t\t<\/div>\n\t\t\t\t\t\t\t\n\t\t\t\t\t\t\t\t\t<div class=\"swiper-pagination\"><\/div>\n\t\t\t\t\t\t\t\t\t<\/div>\n\t\t\t\t\t\t<\/div>\n\t\t\t\t<\/div>\n\t\t\t\t<\/div>\n\t\t<div class=\"elementor-element elementor-element-f03f927 e-con-full p-b-l m-w-60 e-flex e-con e-parent\" data-id=\"f03f927\" data-element_type=\"container\" data-settings=\"{&quot;background_background&quot;:&quot;classic&quot;}\">\n\t\t\t\t<div class=\"elementor-element elementor-element-5df29e9 elementor-widget elementor-widget-menu-anchor\" data-id=\"5df29e9\" data-element_type=\"widget\" data-widget_type=\"menu-anchor.default\">\n\t\t\t\t<div class=\"elementor-widget-container\">\n\t\t\t\t\t\t\t<div class=\"elementor-menu-anchor\" id=\"unser-hof\"><\/div>\n\t\t\t\t\t\t<\/div>\n\t\t\t\t<\/div>\n\t\t\t\t<div class=\"elementor-element elementor-element-4358279 elementor-widget elementor-widget-heading\" data-id=\"4358279\" data-element_type=\"widget\" data-widget_type=\"heading.default\">\n\t\t\t\t<div class=\"elementor-widget-container\">\n\t\t\t\t\t<h1 class=\"elementor-heading-title elementor-size-default\">Datenschutz<\/h1>\t\t\t\t<\/div>\n\t\t\t\t<\/div>\n\t\t\t\t<div class=\"elementor-element elementor-element-4640a24 elementor-widget elementor-widget-text-editor\" data-id=\"4640a24\" data-element_type=\"widget\" data-widget_type=\"text-editor.default\">\n\t\t\t\t<div class=\"elementor-widget-container\">\n\t\t\t\t\t\t\t\t\t<div class=\"imprpriv site-expl\"><p>Gfoler, Untergasse 17<br \/>Brixen, Italy<br \/><a href=\"tel:+393280587308\">+39 328 058 7308<\/a><br \/><a href=\"mailto:info@gfohlerhof.com\">info@gfohlerhof.com<\/a><br \/><a href=\"https:\/\/gfohlerhof.com\">www.gfohlerhof.com<\/a><\/p><p><strong>Kontaktdaten des Datenschutzbeauftragten<\/strong><\/p><p>Jonas Oberrauch<br \/><a href=\"tel:+393292088503\">+39 329 208 8503<\/a><br \/><a href=\"mailto:jonasoberrauch83@gmail.com\">jonasoberrauch83@gmail.com<\/a><\/p><\/div><div class=\"imprpriv site-gl\"><strong>Datenschutzinformationen &#8211; Webseite<\/strong><p>Liebe\/r Webseitenbesucher\/in,<br \/>wir freuen uns, Sie dar\u00fcber zu informieren, wie Ihre pers\u00f6nlichen Daten beim Besuch unserer Webseite verarbeitet werden. Diesem Informationsschreiben k\u00f6nnen Sie auch entnehmen, welche Rechte Sie als betroffene Person aus\u00fcben k\u00f6nnen.<br \/>Ihre personenbezogenen Daten werden gem\u00e4\u00df der EU-Verordnung 2016\/679 (Datenschutzgrundverordnung) und der nationalen Gesetzgebung im Bereich Datenschutz verarbeitet.<br \/>Die Nutzung der Webseite setzt voraus, dass Sie mit diesem Datenschutz-Informationsschreiben einverstanden sind, ansonsten bitten wir Sie, die Webseite nicht weiter zu benutzen.<br \/>Zudem wollen wir Sie dar\u00fcber informieren, dass Links auf unserer Webseite, die zu anderen Webseiten f\u00fchren, von uns sorgf\u00e4ltig ausgew\u00e4hlt und \u00fcberpr\u00fcft wurden. Da diese Webseiten ohne unser Wissen aktualisiert werden k\u00f6nnen und deren Inhalte sich laufend \u00e4ndern k\u00f6nnen, \u00fcbernehmen wir hierf\u00fcr keinerlei Haftung und Verantwortung.<\/p><p><strong>Verarbeitungszweck personenbezogener Daten:<\/strong><br \/>Um die Funktionalit\u00e4t der Webseite zu gew\u00e4hrleisten sowie f\u00fcr statistische Zwecke werden technische Daten mit potenziellem Personenbezug, wie z.B. die IP-Adresse, die Uhrzeit von Anfragen, den Namen der Dom\u00e4ne und \u00e4hnliche Daten verarbeitet. Au\u00dferdem hat der Webseitenbetreiber ein berechtigtes Interesse (Art. 6f DSGVO) Ihnen eine optisch ansprechende Webseite und eine angenehme Benutzererfahrung zu bieten. Bei gegebener Einwilligung (Art. 6a DSGVO) k\u00f6nnen zudem Nutzerverhalten analysiert und Marketingzwecke verfolgt werden.<br \/>Hauptzweck der Datenverarbeitung ist die Bereitstellung unserer Webseite und dessen Inhalte sowie die Erf\u00fcllung Ihrer Anfragen.<br \/>Des Weiteren werden personenbezogene Daten verarbeitet, um Ihnen verschiedene Dienstleistungen anzubieten:<\/p><p><strong>Newsletter<\/strong><br \/>Jeder Besucher kann sich auf der Webseite f\u00fcr unseren Newsletter mittels Double Opt In Verfahren registrieren. Dieses freiwillige Registrieren und diese Verarbeitung kann der Benutzer jederzeit widerrufen.<\/p><p><strong>Kontaktformular<\/strong><br \/>Der Webseitenbesucher kann das Unternehmen mittels Kontaktformular kontaktieren. Hierzu werden die eingegebenen personenbezogenen Daten verarbeitet, um die Anfrage zu beantworten. Eine ausdr\u00fcckliche Zustimmung zur Verarbeitung der Daten im Kontaktformular ist vorhanden.<\/p><p><strong>\u00dcbermittlung personenbezogener Daten besonderer Kategorien<\/strong><br \/>Wir bitten Sie darum, dass keine sensiblen Daten (personenbezogene Daten besonderer Kategorien \u2013 Art. 9 sowie Art. 10 DSGVO) \u00fcber die Webseite \u00fcbermittelt werden z.B. mittels Kontaktformular.<\/p><p><strong>Rechtsgrundlage der Datenverarbeitung<\/strong><br \/>Die Hauptrechtsgrundlagen der Verarbeitung sind Art. 6b) DSGVO (Erf\u00fcllung vor-\/vertraglicher Ma\u00dfnahmen) sowie Art. 6f) DSGVO (Funktionalit\u00e4t der Webseite) sowie die eingeholte Einwilligung, falls von Ihnen gegeben (Art. 6a DSGVO).<\/p><p><strong>Cookies\u00a0<\/strong><br \/>Unsere Webseite nutzt Cookies, wobei personenbezogene Daten verarbeitet werden k\u00f6nnen.<\/p><p><strong>Man unterscheidet vier Kategorien von Cookies:<\/strong><\/p><p>Unbedingt notwendige Cookies \u2013 f\u00fcr die grundlegende Funktionalit\u00e4t der Webseite<br \/>\u00a0Funktionale Cookies \u2013 f\u00fcr die Sicherstellung der optimalen Leistung der Webseite, darunter f\u00e4llt z.B. die Speicherung der Sprachauswahl<br \/>Performance Cookies \u2013 f\u00fcr die Verbesserung des Benutzererlebnisses sowie zur Verarbeitung von Informationen zur Nutzung der Webseite, z.B. Messung von Ladezeiten<br \/>Marketing Cookies \u2013 f\u00fcr die Erfassung des Verhaltens und der Interessen des Nutzers zu Marketingzwecken z.B. f\u00fcr die Schaltung abgestimmter Werbeanzeigen<\/p><p>Nicht essenzielle Cookies sind auf unseren Webseiten standardm\u00e4\u00dfig deaktiviert und werden erst aktiviert, wenn Sie uns hierzu Ihre Einwilligung gegeben haben.<\/p><p>Der Gro\u00dfteil der verwendeten Cookies sind \u201eSession Cookies\u201c, welche nach dem Schlie\u00dfen des Browsers wieder gel\u00f6scht werden. Andere Cookies werden l\u00e4nger gespeichert, z.B. um beim n\u00e4chsten Webseitenbesuch die richtige Sprache anzuzeigen.<br \/>F\u00fcr alle Cookies, die keinem berechtigten Interesse des Webseitenbetreibers unterliegen (Art. 6f) DSGVO), werden Sie explizit um Ihre Einwilligung gefragt.<\/p><p>Sie k\u00f6nnen Ihre Cookies jederzeit l\u00f6schen, indem Sie, abh\u00e4ngig von Ihrem Browser, meist oben rechts auf die 3 Punkte\/Streifen klicken und dort die Einstellungen \u00f6ffnen, Cookies im Suchfeld eingeben und Cookies bzw. Browserdaten l\u00f6schen ausw\u00e4hlen.<\/p><p><strong>Bereitstellung der Daten<\/strong><br \/>Die Bereitstellung Ihrer Daten ist freiwillig (mit Ausnahme der Verarbeitung von Navigationsdaten) und nicht gesetzlich vorgeschrieben. Eine Nichtbereitstellung kann allerdings eingeschr\u00e4nkte Nutzung der Webseite und der angebotenen Dienste zur Folge haben.<\/p><p><strong>Datenweitergabe an Dritte<\/strong><br \/>Ihre Daten k\u00f6nnen bei Bedarf, allerdings nur im Rahmen unserer Gesch\u00e4ftsbeziehung, an Dritte weitergegeben werden, z.B. zur Erf\u00fcllung von Ihrer Anfrage oder, falls zutreffend, die Durchf\u00fchrung von Zahlungen \u00fcber Dritte und zur Erf\u00fcllung gesetzlicher Verpflichtungen. Grunds\u00e4tzlich werden Ihre Daten nicht ohne Ihre explizite Einwilligung an das EU-Ausland \u00fcbermittelt. Dasselbe gilt ebenfalls f\u00fcr den Einsatz von Profiling und automatisierte Entscheidungen.<\/p><p><strong>Hosting der Webseite<\/strong><br \/>Diese Webseite wird bei einem externen Dienstleister gehostet. Hierzu erh\u00e4lt der externe Hoster personenbezogene Daten, die auf der Webseite erfasst wurden. Die Rechtsgrundlage ist Art. 6b) DSGVO (Vor-\/vertragliche Ma\u00dfnahmen) sowie Art. 6f) (Reibungslose Gew\u00e4hrleistung der Tools auf unserer Webseite).<\/p><p><strong>Google Dienste<\/strong><br \/>Unsere Webseite nutzt Dienste vom Betreiber Google Ireland Limited (\u201eGoogle\u201c), Gordon House, Barrow Street, Dublin 4, Irland.<br \/>Unter Umst\u00e4nden verarbeitet Google somit Informationen sowie personenbezogene Daten. Bitte ber\u00fccksichtigen Sie, dass amerikanische Beh\u00f6rden aufgrund amerikanischer Gesetzgebungen (insb. dem Cloud Act) theoretisch Zugriff auf diese Daten erlangen k\u00f6nnten. Informationen zu den rechtlichen Rahmenbedingungen f\u00fcr die Daten\u00fcbermittlung finden Sie unter https:\/\/policies.google.com\/privacy\/frameworks.<\/p><p>Bei gegebener Einwilligung: Google Tag Manager<br \/>Unsere Webseite nutzt Google Tag Manager. Anbieter ist Google Ireland Limited (\u201eGoogle\u201d), House, Barrow Street, Dublin 4, Irland.<br \/>Mit dem Google Tag Manager k\u00f6nnen Tracking Codes einfacher eingebunden werden. Au\u00dferdem haben Seitenbetreiber so die M\u00f6glichkeit hierzu \u00c4nderungen vorzunehmen, die automatisch auf den Seiten angewandt werden, ohne dass der Quellcode angepasst werden muss.<br \/>Der Google Tag Manager kann mit dem Tag Manager-Servern kommunizieren, in diesem Zuge k\u00f6nnen beim Ausl\u00f6sen eines Tags personenbezogene Daten verarbeitet werden (z.B. die IP-Adresse).<br \/>Sie werden, bevor der Google Tag Manger aktiviert wird, ausdr\u00fccklich um Ihre Einwilligung gebeten. Die Rechtsgrundlage ist Art. 6a) DSGVO.<br \/>Detaillierte Informationen finden Sie unter: https:\/\/policies.google.com\/privacy<\/p><p>Bei gegebener Einwilligung: Webanalyse mit Google Analytics<br \/>Unsere Webseite nutzt Funktionen des Webanalysedienstes Google Analytics. Anbieter ist die Google Inc., 1600 Amphitheatre Parkway Mountain View, CA 94043, U S A. Google Analytics.<br \/>Die durch die Cookies gewonnenen Informationen \u00fcber Ihre Nutzung der Webseite (einschlie\u00dflich Ihrer IP-Adresse) k\u00f6nnen an einen Server von Google in den U S A \u00fcbertragen und dort gespeichert werden. Das vollst\u00e4ndige Informationsschreiben finden Sie in der Datenschutzerkl\u00e4rung von Google: https:\/\/support.google.com\/analytics\/answer\/6004245?hl=de<br \/>Google Analytics benutzen wir als Analyse-Tool, um die Performance unserer Webseite beobachten sowie Kundenverhalten analysieren zu k\u00f6nnen und entsprechende Ma\u00dfnahmen einzuleiten.<br \/>Sie werden, bevor Google Analytics aktiviert wird, ausdr\u00fccklich um Ihre Einwilligung gebeten. Die Rechtsgrundlage ist Art. 6a) DSGVO.<br \/>Sie k\u00f6nnen die beschriebene Erfassung und Verarbeitung von Daten durch Google auch so verhindern, indem sie das unter dem folgenden Link verf\u00fcgbare Browser-Plugin herunterladen und installieren: https:\/\/tools.google.com\/dlpage\/gaoptout<\/p><p><strong>Google-Maps<\/strong><br \/>Diese Webseite benutzt Google Maps API, einen Kartendienst der Google Inc. (\u201eGoogle\u201c), zur Darstellung einer interaktiven Karte und zur Erstellung von Anfahrtspl\u00e4nen. Google Maps wird von Google Inc., 1600 Amphitheatre Parkway, Mountain View, CA 94043, U S A betrieben.<br \/>Durch die Nutzung von Google Maps k\u00f6nnen wir nicht ausschlie\u00dfen, dass Informationen \u00fcber Ihre Benutzung dieser Webseite (einschlie\u00dflich Ihrer IP-Adresse) an einen Server von Google in den U S A \u00fcbertragen und dort gespeichert werden. Google wird die durch Maps gewonnenen Informationen gegebenenfalls an Dritte \u00fcbertragen, sofern dies gesetzlich vorgeschrieben ist oder soweit Dritte diese Daten im Auftrag von Google verarbeiten.<br \/>Es w\u00e4re grunds\u00e4tzlich technisch m\u00f6glich, dass Google aufgrund der erhaltenen Daten eine Identifizierung zumindest einzelner Nutzenden vornehmen k\u00f6nnte. Es w\u00e4re m\u00f6glich, dass personenbezogene Daten und Pers\u00f6nlichkeitsprofile von Nutzern der Webseite von Google f\u00fcr andere Zwecke verarbeitet werden k\u00f6nnten, auf welche wir keinen Einfluss haben und haben k\u00f6nnen. Sie haben jederzeit die M\u00f6glichkeit, den Service von Google Maps zu deaktivieren und somit den Datentransfer an Google zu verhindern, indem Sie JavaScript in Ihrem Browser deaktivieren. Wir weisen Sie darauf hin, dass Sie in diesem Fall die Kartenanzeige auf unserer Seite nicht nutzen k\u00f6nnen.<br \/>Die Nutzungsbedingungen f\u00fcr Google Maps finden Sie unter: https:\/\/www.google.com\/intl\/de_de\/help\/terms_maps.html<br \/>Die Datenschutzerkl\u00e4rung von Google finden Sie unter: https:\/\/policies.google.com\/privacy<\/p><p><strong>YouTube<\/strong><br \/>Wir verwenden Social Plugins der von Google betriebenen Seite YouTube. Betreiber dieser Seite ist YouTube, LLC, 901 Cherry Ave., San Bruno, CA 94066, U S A. Wenn Sie eine mit YouTube-Plugin ausgestattete Seite besuchen, wird eine Verbindung zu den Servern von YouTube hergestellt. Dabei wird dem YouTube-Server mitgeteilt, dass Sie unsere Seite besucht haben und es k\u00f6nnen z.B. mittels Cookies Nutzerstatistiken angefertigt werden.<br \/>Wenn Sie in Ihrem YouTube-Account eingeloggt sind, kann YouTube Ihren Besuch auf unserer Webseite Ihrem Benutzerkonto zuordnen. Dies k\u00f6nnen Sie verhindern, indem Sie sich aus Ihrem YouTube-Account ausloggen.<br \/>Weitere Informationen wie YouTube Nutzerdaten verarbeitet finden Sie in der Datenschutzerkl\u00e4rung unter https:\/\/www.google.de\/intl\/de\/policies\/privacy<\/p><p><strong>Bei gegebener Einwilligung: Facebook Pixel<\/strong><br \/>Unsere Webseite nutzt das sogenannte \u201eFacebook Pixel\u201c des sozialen Netzwerkes Facebook, welches von der Facebook Inc. bzw. falls Sie in der EU ans\u00e4ssig sind, von Facebook Ireland Ltd., 4 Grand Canal Square, Grand Canal Harbour, Dublin 2, Irland betrieben wird.<br \/>\u00dcber Facebook-Pixel wird beim Besuch der Webseite eine direkte Verbindung zu den Facebook-Servern hergestellt. Dabei wird an den Facebook-Server \u00fcbermittelt, dass Sie diese Webseite besucht haben und Facebook kann diese Information unter Umst\u00e4nden Ihrem pers\u00f6nlichen Facebook-Benutzerkonto zuordnen. Wir k\u00f6nnen so die Wirkung von Werbekampagnen nachvollziehen.<br \/>Es kann nicht ausgeschlossen werden, dass Informationen an Server im EU-Ausland \u00fcbermittelt werden.<br \/>Wenn Sie die Einwilligung zur Verwendung des Facebook Pixel erteilen, wird dieser durch Facebook eingebunden und ein Cookie, wie oben beschrieben, auf ihrem Ger\u00e4t hinterlegt. Beim Login bei Facebook werden die besuchten Angebote in Ihrem Profil festgehalten. Die Daten sind f\u00fcr uns anonymisiert, Facebook kann diese Daten allerdings verarbeiten.<br \/>N\u00e4here Informationen zur Erhebung und Nutzung der Daten durch Facebook sowie \u00fcber Ihre diesbez\u00fcglichen Rechte und M\u00f6glichkeiten zum Schutz Ihrer Privatsph\u00e4re finden Sie in den Datenschutzhinweisen von Facebook unter: https:\/\/www.facebook.com\/business\/m\/privacy-and-data<br \/>Sie werden, bevor Facebook Pixel aktiviert wird, ausdr\u00fccklich um Ihre Einwilligung gebeten. Die Rechtsgrundlage ist Art. 6a) DSGVO.<\/p><p><strong>SSL-Verschl\u00fcsselung<\/strong><br \/>Diese Seite nutzt zur \u00dcbertragungssicherheit, z.B. f\u00fcr Anfragen in Kontaktformularen, eine SSL-Verschl\u00fcsselung. Eine aktive SSL Verschl\u00fcsselung dient dazu, \u00dcbertragung von Daten, die Sie an uns \u00fcbermitteln, zu verschl\u00f9sseln.<\/p><p><strong>Minderj\u00e4hrige Besucher<\/strong><br \/>Diese Webseite ist nicht f\u00fcr die Nutzung durch Minderj\u00e4hrige vorgesehen. Wir erheben und speichern somit keine Daten minderj\u00e4hriger Besucher (ausgenommen unwillk\u00fcrlich).<\/p><p><strong>Dauer der Datenaufbewahrung<\/strong><br \/>Ihre Daten werden nach den f\u00fcr uns geltenden gesetzlichen Aufbewahrungspflichten und rechtlichen Verpflichtungen aufbewahrt.<br \/>Hinweise auf die Rechte der Betroffenen<br \/>Die betroffene Person hat das Recht, vom Verantwortlichen eine Best\u00e4tigung dar\u00fcber zu verlangen, ob sie betreffende personenbezogene Daten verarbeitet werden; ist dies der Fall, so hat sie ein Recht auf Auskunft \u00fcber diese personenbezogenen Daten und auf die in Art. 15 DSGVO im einzelnen aufgef\u00fchrten Informationen.<br \/>Die betroffene Person hat das Recht, vom Verantwortlichen unverz\u00fcglich die Berichtigung sie betreffender unrichtiger personenbezogener Daten sowie gegebenenfalls die Vervollst\u00e4ndigung unvollst\u00e4ndiger personenbezogener Daten zu verlangen (Art. 16 DSGVO).<br \/>Die betroffene Person hat das Recht, vom Verantwortlichen zu verlangen, dass sie betreffende personenbezogene Daten unverz\u00fcglich gel\u00f6scht werden, sofern einer der in Art. 17 DSGVO beschriebenen Gr\u00fcnde zutrifft, zum Beispiel wenn die Verarbeitung der Daten f\u00fcr die Verfolgung der urspr\u00fcnglichen Zwecke nicht mehr ben\u00f6tigt werden (Recht auf L\u00f6schung).<br \/>Die betroffene Person hat das Recht, vom Verantwortlichen die Einschr\u00e4nkung der Verarbeitung zu verlangen, wenn eine der in Art. 18 DSGVO aufgelisteten Voraussetzungen gegeben ist, zum Beispiel wenn die betroffene Person Widerspruch gegen die Verarbeitung eingelegt hat.<br \/>Die betroffene Person hat das Recht, die sie betreffenden personenbezogenen Daten, die sie einem Verantwortlichen bereitgestellt hat, in einem strukturierten, g\u00e4ngigen und maschinenlesbaren Format zu erhalten, und sie hat das Recht, diese Daten einem anderen Verantwortlichen ohne Behinderung durch den Verantwortlichen, dem die personenbezogenen Daten bereitgestellt wurden, unter gewissen Umst\u00e4nden zu \u00fcbermitteln, zum Beispiel wenn die Verarbeitung auf einer Einwilligung beruht und die Verarbeitung mithilfe automatisierter Verfahren erfolgt (Recht auf Daten\u00fcbertragbarkeit Art. 20 DSGVO).<br \/>Die betroffene Person hat das Recht, aus Gr\u00fcnden, die sich aus ihrer besonderen Situation ergeben, jederzeit gegen die Verarbeitung sie betreffender personenbezogener Daten Widerspruch einzulegen. Der Verantwortliche verarbeitet die personenbezogenen Daten dann nicht mehr, es sei denn, er kann zwingende schutzw\u00fcrdige Gr\u00fcnde f\u00fcr die Verarbeitung nachweisen, die die Interessen, Rechte und Freiheiten der betroffenen Person \u00fcberwiegen, oder die Verarbeitung dient der Geltendmachung, Aus\u00fcbung oder Verteidigung von Rechtsanspr\u00fcchen (Art. 21 DSGVO).<br \/>Jede betroffene Person hat unbeschadet eines anderweitigen verwaltungsrechtlichen oder gerichtlichen Rechtsbehelfs das Recht auf Beschwerde bei einer Aufsichtsbeh\u00f6rde, insbesondere in dem Mitgliedstaat ihres gew\u00f6hnlichen Aufenthaltsorts, ihres Arbeitsplatzes oder des Orts des mutma\u00dflichen Versto\u00dfes, wenn die betroffene Person der Ansicht ist, dass die Verarbeitung der sie betreffenden personenbezogenen Daten gegen die DSGVO verst\u00f6\u00dft (Art. 77 DSGVO). In Italien ist die zust\u00e4ndige Aufsichtsbeh\u00f6rde: Garante per la protezione dei dati personali<\/p><p><strong>BrixenCard<br \/><\/strong>Bei Vervollst\u00e4ndigung des Aufenthaltsvertrags wird dem Gast der S\u00fcdtirol Alto<br \/>Adige Guest Pass (in Folge Guest Pass) ausgestellt, der laut Beschluss der<br \/>S\u00fcdtiroler Landesregierung Nr. 732\/2022 f\u00fcr die gesamte Dauer seines<br \/>Aufenthalts sowie ab 0:00 Uhr des Tages der Anreise bis 24:00 Uhr am Tag der<br \/>Abreise g\u00fcltig ist.<\/p><p>Der Guest Pass umfasst die Nutzung aller \u00f6ffentlichen Verkehrsmittel innerhalb<br \/>des S\u00fcdtirolmobil-Verbundgebiets sowie zus\u00e4tzliche Leistungen, welche pro<br \/>Tourismusorganisation unterschiedlich ausfallen. Detaillierte Informationen finden<br \/>Sie unter: suedtirol-guestpass.info<\/p><p>Einziger S\u00fcdtirol weiter Tr\u00e4ger des Guest Pass ist das Mobilit\u00e4tskonsortium<br \/>welches als einheitliche Koordinierungsstelle gem\u00e4\u00df obigen LR-Beschluss vom<br \/>Landesverband der Tourismusorganisationen S\u00fcdtirols (LTS) am 16.11.2022<br \/>ernannt wurde. Die Einzelheiten der mit dem Guest Pass verbundenen<br \/>Zusatzleistungen sowie die Nutzungsbedingungen des Guest Pass werden von<br \/>dem mit der Ausstellung und Verwaltung des Guest Pass beauftragten Dritten<br \/>mitgeteilt. Detaillierte Informationen finden Sie unter: suedtirol-guestpass.info<strong><br \/><\/strong><\/p><p><strong>Zweck<\/strong><br \/>Die \u00fcbermittelten personenbezogenen Daten werden an die einheitliche<br \/>Koordinierungsstelle des Guest Pass \u00fcbermittelt, um die Erstellung und Benutzung<br \/>des Guest Pass zu erm\u00f6glichen und die damit verbundenen Dienstleistungen zur<br \/>Verf\u00fcgung zu stellen.<br \/><br \/><strong>Empf\u00e4nger<\/strong><br \/>Im Zusammenhang mit der Ausstellung des Guest Pass werden Ihre Daten an das<br \/>Mobilit\u00e4tskonsortium mit MwSt.-Nr. 02735170215 \u00fcbermittelt, das als<br \/>G\u00e4stekartentr\u00e4ger und einheitliche Koordinierungsstelle die Rolle des autonomen<br \/>Datenverantwortlichen bei der Verarbeitung der \u00fcbermittelten Daten innehat. F\u00fcr<br \/>weitere Informationen \u00fcber die Verarbeitung, der die Daten unterzogen werden,<br \/>k\u00f6nnen Sie eine E-Mail an privacy@moko.bz.it schreiben.<br \/><br \/><strong>Rechtsgrundlage<\/strong><br \/>Die Rechtsgrundlage f\u00fcr die Verarbeitung liegt in Art. 6 Abs. 1 Buchstabe b) der<br \/>DSGVO<\/p><p>Dieses Datenschutz-Informationsschreiben kann jederzeit aktualisiert werden.<\/p><\/div>\t\t\t\t\t\t\t\t<\/div>\n\t\t\t\t<\/div>\n\t\t\t\t<\/div>\n\t\t\t\t<\/div>\n\t\t","protected":false},"excerpt":{"rendered":"<p>Datenschutz Gfoler, Untergasse 17Brixen, Italy+39 328 058 7308info@gfohlerhof.comwww.gfohlerhof.com Kontaktdaten des Datenschutzbeauftragten Jonas Oberrauch+39 329 208 8503jonasoberrauch83@gmail.com Datenschutzinformationen &#8211; Webseite Liebe\/r Webseitenbesucher\/in,wir freuen uns, Sie dar\u00fcber zu informieren, wie Ihre pers\u00f6nlichen Daten beim Besuch unserer Webseite verarbeitet werden. Diesem Informationsschreiben k\u00f6nnen Sie auch entnehmen, welche Rechte Sie als betroffene Person aus\u00fcben k\u00f6nnen.Ihre personenbezogenen Daten werden gem\u00e4\u00df [&hellip;]<\/p>\n","protected":false},"author":1,"featured_media":0,"parent":0,"menu_order":0,"comment_status":"closed","ping_status":"closed","template":"","meta":{"footnotes":""},"class_list":["post-896","page","type-page","status-publish","hentry"],"aioseo_notices":[],"_links":{"self":[{"href":"https:\/\/www.gfohlerhof.com\/it\/wp-json\/wp\/v2\/pages\/896","targetHints":{"allow":["GET"]}}],"collection":[{"href":"https:\/\/www.gfohlerhof.com\/it\/wp-json\/wp\/v2\/pages"}],"about":[{"href":"https:\/\/www.gfohlerhof.com\/it\/wp-json\/wp\/v2\/types\/page"}],"author":[{"embeddable":true,"href":"https:\/\/www.gfohlerhof.com\/it\/wp-json\/wp\/v2\/users\/1"}],"replies":[{"embeddable":true,"href":"https:\/\/www.gfohlerhof.com\/it\/wp-json\/wp\/v2\/comments?post=896"}],"version-history":[{"count":18,"href":"https:\/\/www.gfohlerhof.com\/it\/wp-json\/wp\/v2\/pages\/896\/revisions"}],"predecessor-version":[{"id":2226,"href":"https:\/\/www.gfohlerhof.com\/it\/wp-json\/wp\/v2\/pages\/896\/revisions\/2226"}],"wp:attachment":[{"href":"https:\/\/www.gfohlerhof.com\/it\/wp-json\/wp\/v2\/media?parent=896"}],"curies":[{"name":"wp","href":"https:\/\/api.w.org\/{rel}","templated":true}]}}